{"id":715,"date":"2025-05-19T15:25:10","date_gmt":"2025-05-19T18:25:10","guid":{"rendered":"https:\/\/valentecriacoes.com.br\/crt-rs\/?page_id=715"},"modified":"2025-05-27T20:51:56","modified_gmt":"2025-05-27T23:51:56","slug":"codigo-de-etica","status":"publish","type":"page","link":"https:\/\/valentecriacoes.com.br\/crt-rs\/codigo-de-etica\/","title":{"rendered":"C\u00f3digo de \u00c9tica"},"content":{"rendered":"\t\t<div data-elementor-type=\"wp-page\" data-elementor-id=\"715\" class=\"elementor elementor-715\" data-elementor-post-type=\"page\">\n\t\t\t\t\t\t\t\t\t<section class=\"elementor-section elementor-top-section elementor-element elementor-element-44651222 elementor-section-full_width elementor-section-height-default elementor-section-height-default\" data-id=\"44651222\" data-element_type=\"section\" data-settings=\"{&quot;jet_parallax_layout_list&quot;:[{&quot;jet_parallax_layout_image&quot;:{&quot;url&quot;:&quot;&quot;,&quot;id&quot;:&quot;&quot;,&quot;size&quot;:&quot;&quot;},&quot;_id&quot;:&quot;2aee57a&quot;,&quot;jet_parallax_layout_image_tablet&quot;:{&quot;url&quot;:&quot;&quot;,&quot;id&quot;:&quot;&quot;,&quot;size&quot;:&quot;&quot;},&quot;jet_parallax_layout_image_mobile&quot;:{&quot;url&quot;:&quot;&quot;,&quot;id&quot;:&quot;&quot;,&quot;size&quot;:&quot;&quot;},&quot;jet_parallax_layout_speed&quot;:{&quot;unit&quot;:&quot;%&quot;,&quot;size&quot;:50,&quot;sizes&quot;:[]},&quot;jet_parallax_layout_type&quot;:&quot;scroll&quot;,&quot;jet_parallax_layout_direction&quot;:null,&quot;jet_parallax_layout_fx_direction&quot;:null,&quot;jet_parallax_layout_z_index&quot;:&quot;&quot;,&quot;jet_parallax_layout_bg_x&quot;:50,&quot;jet_parallax_layout_bg_x_tablet&quot;:&quot;&quot;,&quot;jet_parallax_layout_bg_x_mobile&quot;:&quot;&quot;,&quot;jet_parallax_layout_bg_y&quot;:50,&quot;jet_parallax_layout_bg_y_tablet&quot;:&quot;&quot;,&quot;jet_parallax_layout_bg_y_mobile&quot;:&quot;&quot;,&quot;jet_parallax_layout_bg_size&quot;:&quot;auto&quot;,&quot;jet_parallax_layout_bg_size_tablet&quot;:&quot;&quot;,&quot;jet_parallax_layout_bg_size_mobile&quot;:&quot;&quot;,&quot;jet_parallax_layout_animation_prop&quot;:&quot;transform&quot;,&quot;jet_parallax_layout_on&quot;:[&quot;desktop&quot;,&quot;tablet&quot;]}]}\">\n\t\t\t\t\t\t<div class=\"elementor-container elementor-column-gap-no\">\n\t\t\t\t\t<div class=\"elementor-column elementor-col-100 elementor-top-column elementor-element elementor-element-1646f502\" data-id=\"1646f502\" data-element_type=\"column\">\n\t\t\t<div class=\"elementor-widget-wrap elementor-element-populated\">\n\t\t\t\t\t\t\t\t<div class=\"elementor-element elementor-element-268c513e elementor-widget-tablet__width-initial elementor-widget elementor-widget-template\" data-id=\"268c513e\" data-element_type=\"widget\" data-widget_type=\"template.default\">\n\t\t\t\t<div class=\"elementor-widget-container\">\n\t\t\t\t\t<div class=\"elementor-template\">\n\t\t\t\t\t<section data-elementor-type=\"section\" data-elementor-id=\"88\" class=\"elementor elementor-88\" data-elementor-post-type=\"elementor_library\">\n\t\t\t\t\t\t\t\t<section class=\"elementor-section elementor-top-section elementor-element elementor-element-028bcf6 elementor-section-boxed elementor-section-height-default elementor-section-height-default\" data-id=\"028bcf6\" data-element_type=\"section\" data-settings=\"{&quot;jet_parallax_layout_list&quot;:[],&quot;background_background&quot;:&quot;classic&quot;}\">\n\t\t\t\t\t\t<div class=\"elementor-container elementor-column-gap-default\">\n\t\t\t\t\t<div class=\"elementor-column elementor-col-100 elementor-top-column elementor-element elementor-element-cec314a\" data-id=\"cec314a\" data-element_type=\"column\">\n\t\t\t<div class=\"elementor-widget-wrap elementor-element-populated\">\n\t\t\t\t\t\t\t\t<div class=\"elementor-element elementor-element-aebe1e5 elementor-widget elementor-widget-heading\" data-id=\"aebe1e5\" data-element_type=\"widget\" data-widget_type=\"heading.default\">\n\t\t\t\t<div class=\"elementor-widget-container\">\n\t\t\t<style>\/*! elementor - v3.18.0 - 20-12-2023 *\/\n.elementor-heading-title{padding:0;margin:0;line-height:1}.elementor-widget-heading .elementor-heading-title[class*=elementor-size-]>a{color:inherit;font-size:inherit;line-height:inherit}.elementor-widget-heading .elementor-heading-title.elementor-size-small{font-size:15px}.elementor-widget-heading .elementor-heading-title.elementor-size-medium{font-size:19px}.elementor-widget-heading .elementor-heading-title.elementor-size-large{font-size:29px}.elementor-widget-heading .elementor-heading-title.elementor-size-xl{font-size:39px}.elementor-widget-heading .elementor-heading-title.elementor-size-xxl{font-size:59px}<\/style><h1 class=\"elementor-heading-title elementor-size-default\">C\u00f3digo de \u00c9tica<\/h1>\t\t<\/div>\n\t\t\t\t<\/div>\n\t\t\t\t<div class=\"elementor-element elementor-element-980f35a elementor-widget elementor-widget-shortcode\" data-id=\"980f35a\" data-element_type=\"widget\" data-widget_type=\"shortcode.default\">\n\t\t\t\t<div class=\"elementor-widget-container\">\n\t\t\t\t\t<div class=\"elementor-shortcode\">[rank_math_breadcrumb]<\/div>\n\t\t\t\t<\/div>\n\t\t\t\t<\/div>\n\t\t\t\t\t<\/div>\n\t\t<\/div>\n\t\t\t\t\t\t\t<\/div>\n\t\t<\/section>\n\t\t\t\t\t\t<\/section>\n\t\t\t\t<\/div>\n\t\t\t\t<\/div>\n\t\t\t\t<\/div>\n\t\t\t\t\t<\/div>\n\t\t<\/div>\n\t\t\t\t\t\t\t<\/div>\n\t\t<\/section>\n\t\t\t\t<section class=\"elementor-section elementor-top-section elementor-element elementor-element-3ccde5fc elementor-section-boxed elementor-section-height-default elementor-section-height-default\" data-id=\"3ccde5fc\" data-element_type=\"section\" data-settings=\"{&quot;jet_parallax_layout_list&quot;:[{&quot;jet_parallax_layout_image&quot;:{&quot;url&quot;:&quot;&quot;,&quot;id&quot;:&quot;&quot;,&quot;size&quot;:&quot;&quot;},&quot;_id&quot;:&quot;2c87c3d&quot;,&quot;jet_parallax_layout_image_tablet&quot;:{&quot;url&quot;:&quot;&quot;,&quot;id&quot;:&quot;&quot;,&quot;size&quot;:&quot;&quot;},&quot;jet_parallax_layout_image_mobile&quot;:{&quot;url&quot;:&quot;&quot;,&quot;id&quot;:&quot;&quot;,&quot;size&quot;:&quot;&quot;},&quot;jet_parallax_layout_speed&quot;:{&quot;unit&quot;:&quot;%&quot;,&quot;size&quot;:50,&quot;sizes&quot;:[]},&quot;jet_parallax_layout_type&quot;:&quot;scroll&quot;,&quot;jet_parallax_layout_direction&quot;:null,&quot;jet_parallax_layout_fx_direction&quot;:null,&quot;jet_parallax_layout_z_index&quot;:&quot;&quot;,&quot;jet_parallax_layout_bg_x&quot;:50,&quot;jet_parallax_layout_bg_x_tablet&quot;:&quot;&quot;,&quot;jet_parallax_layout_bg_x_mobile&quot;:&quot;&quot;,&quot;jet_parallax_layout_bg_y&quot;:50,&quot;jet_parallax_layout_bg_y_tablet&quot;:&quot;&quot;,&quot;jet_parallax_layout_bg_y_mobile&quot;:&quot;&quot;,&quot;jet_parallax_layout_bg_size&quot;:&quot;auto&quot;,&quot;jet_parallax_layout_bg_size_tablet&quot;:&quot;&quot;,&quot;jet_parallax_layout_bg_size_mobile&quot;:&quot;&quot;,&quot;jet_parallax_layout_animation_prop&quot;:&quot;transform&quot;,&quot;jet_parallax_layout_on&quot;:[&quot;desktop&quot;,&quot;tablet&quot;]}]}\">\n\t\t\t\t\t\t<div class=\"elementor-container elementor-column-gap-default\">\n\t\t\t\t\t<div class=\"elementor-column elementor-col-100 elementor-top-column elementor-element elementor-element-4062229b\" data-id=\"4062229b\" data-element_type=\"column\">\n\t\t\t<div class=\"elementor-widget-wrap elementor-element-populated\">\n\t\t\t\t\t\t\t\t<div class=\"elementor-element elementor-element-2610e95e elementor-widget elementor-widget-text-editor\" data-id=\"2610e95e\" data-element_type=\"widget\" data-widget_type=\"text-editor.default\">\n\t\t\t\t<div class=\"elementor-widget-container\">\n\t\t\t<style>\/*! elementor - v3.18.0 - 20-12-2023 *\/\n.elementor-widget-text-editor.elementor-drop-cap-view-stacked .elementor-drop-cap{background-color:#69727d;color:#fff}.elementor-widget-text-editor.elementor-drop-cap-view-framed .elementor-drop-cap{color:#69727d;border:3px solid;background-color:transparent}.elementor-widget-text-editor:not(.elementor-drop-cap-view-default) .elementor-drop-cap{margin-top:8px}.elementor-widget-text-editor:not(.elementor-drop-cap-view-default) .elementor-drop-cap-letter{width:1em;height:1em}.elementor-widget-text-editor .elementor-drop-cap{float:left;text-align:center;line-height:1;font-size:50px}.elementor-widget-text-editor .elementor-drop-cap-letter{display:inline-block}<\/style>\t\t\t\t<h3><strong>C\u00d3DIGO DE \u00c9TICA PROFISSIONAL DO T\u00c9CNICO INDUSTRIAL<\/strong><\/h3>\n<p>ESTRUTURA<br \/>\nT\u00cdTULO<\/p>\n<p>1. PROCLAMA\u00c7\u00c3O<br \/>\n2. PRE\u00c2MBULO<br \/>\n3. DA IDENTIDADE DA PROFISS\u00c3O E DOS PROFISSIONAIS<br \/>\n4. DOS PRINC\u00cdPIOS \u00c9TICOS<br \/>\n5. DOS DEVERES<br \/>\n6. DAS CONDUTAS VEDADAS<br \/>\n7. DOS DIREITOS<br \/>\n8. DA INFRA\u00c7\u00c3O \u00c9TICA<\/p>\n<p>&nbsp;<\/p>\n<p>&nbsp;<\/p>\n<p><strong>1. PROCLAMA\u00c7\u00c3O<\/strong><\/p>\n<p>No ano de 2002 as Entidades Nacionais representativas dos profissionais t\u00e9cnicos industriais pactuaram e proclamaram o C\u00f3digo de \u00c9tica Profissional do Conselho anterior. Considerando que os preceitos deste C\u00f3digo de \u00c9tica anterior inclu\u00edam todos os t\u00e9cnicos industriais, foi adotado como a fonte das diretrizes para o primeiro C\u00f3digo de \u00c9tica Profissional do T\u00e9cnico Industrial.<\/p>\n<p>\u200b<\/p>\n<p><strong>2. PRE\u00c2MBULO<\/strong><\/p>\n<p>Art. 1 \u00ba. O C\u00f3digo de \u00c9tica Profissional enuncia os fundamentos \u00e9ticos e as condutas necess\u00e1rias \u00e0 boa e honesta pr\u00e1tica da profiss\u00e3o dos t\u00e9cnicos industriais e relacionam direitos e deveres correlatos de seus profissionais.<\/p>\n<p>Art. 2\u00ba. Os preceitos deste C\u00f3digo de \u00c9tica Profissional t\u00eam alcance sobre os profissionais em geral, quaisquer que sejam suas modalidades ou especializa\u00e7\u00f5es.<\/p>\n<p>Art. 3\u00ba. As modalidades e especializa\u00e7\u00f5es profissionais dos T\u00e9cnicos Industriais poder\u00e3o estabelecer, em conson\u00e2ncia com este C\u00f3digo de \u00c9tica Profissional, preceitos pr\u00f3prios de conduta atinentes as suas peculiaridades e especificidades.<\/p>\n<p>\u200b<\/p>\n<p><strong>3. DA IDENTIDADE DA PROFISS\u00c3O E DOS PROFISSIONAIS<\/strong><\/p>\n<p>Art. 4\u00ba. A profiss\u00e3o do t\u00e9cnico industrial \u00e9 caracterizada por seu perfil pr\u00f3prio, pelo saber cient\u00edfico e tecnol\u00f3gico que incorpora, pelas express\u00f5es culturais que utiliza e pelos resultados sociais, econ\u00f4micos e ambientais do trabalho que realiza.<\/p>\n<p>Art. 5\u00ba. Os t\u00e9cnicos industriais s\u00e3o os detentores do saber especializado da profiss\u00e3o e os sujeitos pr\u00f3-ativos do desenvolvimento.<\/p>\n<p>Art. 6\u00ba. O objetivo da profiss\u00e3o dos T\u00e9cnicos Industriais e a a\u00e7\u00e3o dos profissionais voltam-se para o bem-estar e o desenvolvimento do homem, em seu ambiente e em suas diversas dimens\u00f5es: como indiv\u00edduo, fam\u00edlia, comunidade, sociedade, na\u00e7\u00e3o e humanidade; nas suas ra\u00edzes hist\u00f3ricas, nas gera\u00e7\u00f5es atual e futura.<\/p>\n<p>Art. 7\u00b0. As entidades, institui\u00e7\u00f5es e conselhos integrantes da organiza\u00e7\u00e3o profissional s\u00e3o igualmente permeados pelos preceitos \u00e9ticos da profiss\u00e3o e participantes solid\u00e1rios em sua permanente constru\u00e7\u00e3o, ado\u00e7\u00e3o, divulga\u00e7\u00e3o, preserva\u00e7\u00e3o e aplica\u00e7\u00e3o.<\/p>\n<p>\u200b<\/p>\n<p><strong>4. DOS PRINC\u00cdPIOS \u00c9TICOS<\/strong><\/p>\n<p>Art. 8\u00ba. A pr\u00e1tica da profiss\u00e3o \u00e9 fundada nos seguintes princ\u00edpios \u00e9ticos aos quais o profissional deve pautar sua conduta:<br \/>\nDo objetivo da profiss\u00e3o:<\/p>\n<p>I \u2013 A profiss\u00e3o \u00e9 bem social da humanidade e o profissional \u00e9 o agente capaz de exerc\u00ea\u00adla, tendo como objetivos maiores a preserva\u00e7\u00e3o e o desenvolvimento harm\u00f4nico do ser humano, de seu ambiente e de seus valores;<\/p>\n<p>Da natureza da profiss\u00e3o:<\/p>\n<p>II \u2013 A profiss\u00e3o \u00e9 bem cultural da humanidade constru\u00eddo permanentemente pelos conhecimentos t\u00e9cnicos, cient\u00edficos e pela cria\u00e7\u00e3o art\u00edstica, manifestando-se pela pr\u00e1tica tecnol\u00f3gica colocada a servi\u00e7o da melhoria da qualidade de vida do homem;<br \/>\nDa honradez da profiss\u00e3o:<\/p>\n<p>III \u2013 A profiss\u00e3o \u00e9 alto t\u00edtulo de honra e sua pr\u00e1tica exige conduta honesta, digna e cidad\u00e3;<br \/>\nDa efic\u00e1cia profissional:<\/p>\n<p>IV \u2013 A profiss\u00e3o realiza-se pelo cumprimento respons\u00e1vel e competente dos compromissos profissionais, munindo-se de t\u00e9cnicas adequadas, assegurando os resultados propostos e a qualidade satisfat\u00f3ria nos servi\u00e7os e produtos e observando a seguran\u00e7a nos seus procedimentos;<br \/>\nDo relacionamento profissional:<\/p>\n<p>V \u2013 A profiss\u00e3o \u00e9 praticada atrav\u00e9s do relacionamento honesto, justo e com esp\u00edrito progressista dos profissionais para com os gestores, ordenadores, destinat\u00e1rios, benefici\u00e1rios e colaboradores de seus servi\u00e7os, com igualdade de tratamento entre os profissionais e com lealdade na competi\u00e7\u00e3o;<br \/>\nDa interven\u00e7\u00e3o profissional sobre o meio:<\/p>\n<p>VI \u2013 A profiss\u00e3o \u00e9 exercida com base nos preceitos do desenvolvimento sustent\u00e1vel na interven\u00e7\u00e3o sobre os ambientes natural e constru\u00eddo e da incolumidade das pessoas, de seus bens e de seus valores;<br \/>\nDa liberdade e seguran\u00e7a profissionais:<\/p>\n<p>VII \u2013 A profiss\u00e3o \u00e9 de livre exerc\u00edcio aos qualificados, sendo a seguran\u00e7a de sua pr\u00e1tica de interesse coletivo.<\/p>\n<p>\u200b<\/p>\n<p><strong>5. DOS DEVERES<\/strong><\/p>\n<p>Art. 9\u00ba. No exerc\u00edcio da profiss\u00e3o s\u00e3o deveres do profissional:<\/p>\n<p>1 \u2013 ante o ser humano e seus valores:<\/p>\n<p>a) oferecer seu saber para o bem da humanidade;<br \/>\nb) harmonizar os interesses pessoais aos coletivos;<br \/>\nc) contribuir para a preserva\u00e7\u00e3o da incolumidade p\u00fablica;<br \/>\nd) divulgar os conhecimentos cient\u00edficos, art\u00edsticos e tecnol\u00f3gicos inerentes \u00e0 profiss\u00e3o;<\/p>\n<p>\u200b<\/p>\n<p>II \u2013 ante a profiss\u00e3o:<\/p>\n<p>a) identificar-se e dedicar-se com zelo \u00e0 profiss\u00e3o;<br \/>\nb) conservar e desenvolver a cultura da profiss\u00e3o;<br \/>\nc) preservar o bom conceito e o apre\u00e7o social da profiss\u00e3o;<br \/>\nd) desempenhar sua profiss\u00e3o ou fun\u00e7\u00e3o nos limites de suas atribui\u00e7\u00f5es<br \/>\ne de sua capacidade pessoal de realiza\u00e7\u00e3o;<br \/>\ne) empenhar-se junto aos organismos profissionais no sentido da consolida\u00e7\u00e3o da cidadania e da solidariedade profissional e da coibi\u00e7\u00e3o das transgress\u00f5es \u00e9ticas.<\/p>\n<p>\u200b<\/p>\n<p>III \u2013 nas rela\u00e7\u00f5es com os clientes, empregadores e colaboradores:<\/p>\n<p>a) dispensar tratamento justo a terceiros, observando o princ\u00edpio da equidade;<br \/>\nb) resguardar o sigilo profissional quando do interesse de seu cliente ou empregador, salvo em havendo a obriga\u00e7\u00e3o legal da divulga\u00e7\u00e3o ou da informa\u00e7\u00e3o;<br \/>\nc) fornecer informa\u00e7\u00e3o certa, precisa e objetiva em publicidade e propaganda pessoal;<br \/>\nd) atuar com imparcialidade e impessoalidade em atos arbitrais e periciais;<br \/>\ne) considerar o direito de escolha do destinat\u00e1rio dos servi\u00e7os, ofertando-lhe, sempre que poss\u00edvel alternativas vi\u00e1veis e adequadas \u00e0s demandas em suas propostas;<br \/>\nf) alertar sobre os riscos e responsabilidades relativos \u00e0s prescri\u00e7\u00f5es t\u00e9cnicas e as consequ\u00eancias presum\u00edveis de sua inobserv\u00e2ncia,<\/p>\n<p>g) adequar sua forma de express\u00e3o t\u00e9cnica \u00e0s necessidades do cliente e \u00e0s normas vigentes aplic\u00e1veis;<\/p>\n<p>\u200b<\/p>\n<p>IV \u2013 nas rela\u00e7\u00f5es com os demais profissionais:<\/p>\n<p>a) Atuar com lealdade no mercado de trabalho, observando o princ\u00edpio da igualdade de condi\u00e7\u00f5es;<br \/>\nb) Manter-se informado sobre as normas que regulamentam o exerc\u00edcio da profiss\u00e3o;<br \/>\nc) Preservar e defender os direitos profissionais;<\/p>\n<p>\u200b<\/p>\n<p>V \u2013 Ante ao meio:<\/p>\n<p>a) Orientar o exerc\u00edcio das atividades profissionais pelos preceitos do desenvolvimento sustent\u00e1vel;<br \/>\nb) Considerar as diretrizes e disposi\u00e7\u00f5es concernentes \u00e0 preserva\u00e7\u00e3o e ao desenvolvimento dos patrim\u00f4nios s\u00f3cio-cultural e ambiental.<\/p>\n<p>\u200b<\/p>\n<p><strong>6. DAS CONDUTAS VEDADAS<\/strong><\/p>\n<p>Art. 10. No exerc\u00edcio da profiss\u00e3o s\u00e3o condutas vedadas ao profissional:<\/p>\n<p>1 \u2013 ante ao ser humano e a seus valores:<\/p>\n<p>a) Descumprir volunt\u00e1ria e injustificadamente com os deveres do of\u00edcio;<br \/>\nb) Usar de privil\u00e9gio profissional ou faculdade decorrente de fun\u00e7\u00e3o de forma abusiva, para fins discriminat\u00f3rios ou para auferir vantagens pessoais.<br \/>\nc) Prestar de m\u00e1-f\u00e9 orienta\u00e7\u00e3o, proposta, prescri\u00e7\u00e3o t\u00e9cnica ou qualquer ato profissional que possa resultar em dano \u00e0s pessoas ou a seus bens patrimoniais;<\/p>\n<p>\u200b<\/p>\n<p>li -ante a profiss\u00e3o:<\/p>\n<p>a) Aceitar trabalho, contrato, emprego, fun\u00e7\u00e3o ou tarefa para os quais n\u00e3o tenha efetiva qualifica\u00e7\u00e3o;<br \/>\nb) Utilizar indevida e\/ou abusivamente do privil\u00e9gio de exclusividade de direito profissional;<br \/>\nc) Omitir e\/ou ocultar fato de seu conhecimento que transgrida a \u00e9tica profissional;<\/p>\n<p>\u200b<\/p>\n<p>III \u2013 nas rela\u00e7\u00f5es com os clientes, empregadores e colaboradores:<\/p>\n<p>a) formular proposta de sal\u00e1rios com valor vil;<br \/>\nb) apresentar proposta de honor\u00e1rios com valores vis, extorsivos e\/ou desrespeitando tabelas de honor\u00e1rios m\u00ednimos aplic\u00e1veis;<br \/>\nc) usar de artif\u00edcios ou expedientes enganosos para a obten\u00e7\u00e3o de vantagens indevidas, ganhos marginais ou conquista de contratos;<br \/>\nd) usar de artif\u00edcios ou expedientes enganosos que impe\u00e7am o leg\u00edtimo acesso dos colaboradores as devidas promo\u00e7\u00f5es ou ao desenvolvimento profissional;<br \/>\ne) descuidar com as medidas de seguran\u00e7a e sa\u00fade do trabalho sob sua coordena\u00e7\u00e3o;<br \/>\nf) suspender servi\u00e7os contratados de forma injustificada e sem pr\u00e9via comunica\u00e7\u00e3o;<br \/>\ng) impor ritmo de trabalho excessivo e\/ou exercer press\u00e3o psicol\u00f3gica ou ass\u00e9dio moral sobre os colaboradores;<\/p>\n<p>\u200b<\/p>\n<p>IV \u2013 nas rela\u00e7\u00f5es com os demais profissionais:<\/p>\n<p>a) intervir em trabalho de outro profissional sem a devida autoriza\u00e7\u00e3o de seu titular, salvo no exerc\u00edcio do dever legal;<br \/>\nb) referir-se preconceituosamente a outro profissional;<br \/>\nc) agir de forma discriminat\u00f3ria em detrimento de outro profissional;<br \/>\nd) atentar contra a liberdade do exerc\u00edcio da profiss\u00e3o ou contra os direitos de outro profissional;<\/p>\n<p>\u200b<\/p>\n<p>V \u2013 ante ao meio:<\/p>\n<p>a) prestar de m\u00e1-f\u00e9 orienta\u00e7\u00e3o, proposta, prescri\u00e7\u00e3o t\u00e9cnica ou qualquer ato profissional que possa resultar em dano ao ambiente natural, \u00e0 sa\u00fade humana ou ao patrim\u00f4nio cultural.<\/p>\n<p>\u200b<\/p>\n<p><strong>7. DOS DIREITOS<\/strong><\/p>\n<p>Art. 11. S\u00e3o reconhecidos os direitos coletivos universais inerentes \u00e0 profiss\u00e3o dos t\u00e9cnicos industriais, suas modalidades e especializa\u00e7\u00f5es, destacadamente:<\/p>\n<p>a) \u00c3\u00a0 livre associa\u00e7\u00e3o e organiza\u00e7\u00e3o em corpora\u00e7\u00f5es profissionais;<\/p>\n<p>b) ao gozo da exclusividade do exerc\u00edcio profissional;<br \/>\nc) ao reconhecimento legal;<br \/>\nd) \u00e0 representa\u00e7\u00e3o institucional.<\/p>\n<p>\u200b<\/p>\n<p>Art. 12. S\u00e3o reconhecidos os direitos individuais universais inerentes aos profissionais, facultados para o pleno exerc\u00edcio de sua profiss\u00e3o, destacadamente:<\/p>\n<p>a) \u00e0 liberdade de escolha de especializa\u00e7\u00e3o;<br \/>\nb) \u00e0 liberdade de escolha de m\u00e9todos, procedimentos e formas de express\u00e3o;<br \/>\nc) ao uso do t\u00edtulo profissional;<br \/>\nd) \u00e0 exclusividade do ato de of\u00edcio a que se dedicar;<br \/>\ne) \u00e0 justa remunera\u00e7\u00e3o proporcional a sua capacidade e dedica\u00e7\u00e3o e aos graus de complexidade, risco, experi\u00eancia e especializa\u00e7\u00e3o requeridos por sua tarefa;<br \/>\nf) ao provimento de meios e condi\u00e7\u00f5es de trabalho digno, eficaz e seguro;<br \/>\ng) \u00e0 recusa ou interrup\u00e7\u00e3o de trabalho, contrato, emprego, fun\u00e7\u00e3o ou tarefa quando julgar incompat\u00edvel com sua titula\u00e7\u00e3o, capacidade ou dignidade pessoais;<br \/>\nh) \u00e0 prote\u00e7\u00e3o do seu t\u00edtulo, de seus contratos e de seu trabalho;<br \/>\ni) \u00e0 prote\u00e7\u00e3o da propriedade intelectual sobre sua cria\u00e7\u00e3o;<br \/>\nj) \u00e0 competi\u00e7\u00e3o honesta no mercado de trabalho;<br \/>\nk) \u00e0 liberdade de associar-se a corpora\u00e7\u00f5es profissionais;<br \/>\n1) \u00e0 propriedade de seu acervo t\u00e9cnico profissional.<\/p>\n<p>\u200b<\/p>\n<p><strong>8. DA INFRA\u00c7\u00c3O \u00c9TICA<\/strong><\/p>\n<p>Art. 13. Constitui-se infra\u00e7\u00e3o \u00e9tica todo ato cometido pelo profissional que atente contra os princ\u00edpios \u00e9ticos, descumpra os deveres do of\u00edcio, pratique condutas expressamente vedadas ou lese direitos reconhecidos de outrem.<\/p>\n<p>Art. 14. A tipifica\u00e7\u00e3o da infra\u00e7\u00e3o \u00e9tica para efeito de processo disciplinar \u00e9 estabelecida a partir das disposi\u00e7\u00f5es deste C\u00f3digo de \u00c9tica Profissional do T\u00e9cnico Industrial e na forma determinada pelos artigos 21, 22, 23, 24 e 25 da lei 13.639\/2018.<\/p>\n\t\t\t\t\t\t<\/div>\n\t\t\t\t<\/div>\n\t\t\t\t\t<\/div>\n\t\t<\/div>\n\t\t\t\t\t\t\t<\/div>\n\t\t<\/section>\n\t\t\t\t\t\t\t<\/div>\n\t\t","protected":false},"excerpt":{"rendered":"","protected":false},"author":1,"featured_media":0,"parent":0,"menu_order":0,"comment_status":"closed","ping_status":"closed","template":"","meta":{"footnotes":""},"class_list":["post-715","page","type-page","status-publish","hentry"],"_links":{"self":[{"href":"https:\/\/valentecriacoes.com.br\/crt-rs\/wp-json\/wp\/v2\/pages\/715","targetHints":{"allow":["GET"]}}],"collection":[{"href":"https:\/\/valentecriacoes.com.br\/crt-rs\/wp-json\/wp\/v2\/pages"}],"about":[{"href":"https:\/\/valentecriacoes.com.br\/crt-rs\/wp-json\/wp\/v2\/types\/page"}],"author":[{"embeddable":true,"href":"https:\/\/valentecriacoes.com.br\/crt-rs\/wp-json\/wp\/v2\/users\/1"}],"replies":[{"embeddable":true,"href":"https:\/\/valentecriacoes.com.br\/crt-rs\/wp-json\/wp\/v2\/comments?post=715"}],"version-history":[{"count":19,"href":"https:\/\/valentecriacoes.com.br\/crt-rs\/wp-json\/wp\/v2\/pages\/715\/revisions"}],"predecessor-version":[{"id":1947,"href":"https:\/\/valentecriacoes.com.br\/crt-rs\/wp-json\/wp\/v2\/pages\/715\/revisions\/1947"}],"wp:attachment":[{"href":"https:\/\/valentecriacoes.com.br\/crt-rs\/wp-json\/wp\/v2\/media?parent=715"}],"curies":[{"name":"wp","href":"https:\/\/api.w.org\/{rel}","templated":true}]}}