{"id":1360,"date":"2025-05-21T10:52:01","date_gmt":"2025-05-21T13:52:01","guid":{"rendered":"https:\/\/valentecriacoes.com.br\/crt-rs\/?page_id=1360"},"modified":"2025-05-27T19:14:21","modified_gmt":"2025-05-27T22:14:21","slug":"cadastro-das-ies","status":"publish","type":"page","link":"https:\/\/valentecriacoes.com.br\/crt-rs\/cadastro-das-ies\/","title":{"rendered":"Cadastro das IEs"},"content":{"rendered":"\t\t<div data-elementor-type=\"wp-page\" data-elementor-id=\"1360\" class=\"elementor elementor-1360\" data-elementor-post-type=\"page\">\n\t\t\t\t\t\t\t\t\t<section class=\"elementor-section elementor-top-section elementor-element elementor-element-44651222 elementor-section-full_width elementor-section-height-default elementor-section-height-default\" data-id=\"44651222\" data-element_type=\"section\" data-settings=\"{&quot;jet_parallax_layout_list&quot;:[{&quot;jet_parallax_layout_image&quot;:{&quot;url&quot;:&quot;&quot;,&quot;id&quot;:&quot;&quot;,&quot;size&quot;:&quot;&quot;},&quot;_id&quot;:&quot;2aee57a&quot;,&quot;jet_parallax_layout_image_tablet&quot;:{&quot;url&quot;:&quot;&quot;,&quot;id&quot;:&quot;&quot;,&quot;size&quot;:&quot;&quot;},&quot;jet_parallax_layout_image_mobile&quot;:{&quot;url&quot;:&quot;&quot;,&quot;id&quot;:&quot;&quot;,&quot;size&quot;:&quot;&quot;},&quot;jet_parallax_layout_speed&quot;:{&quot;unit&quot;:&quot;%&quot;,&quot;size&quot;:50,&quot;sizes&quot;:[]},&quot;jet_parallax_layout_type&quot;:&quot;scroll&quot;,&quot;jet_parallax_layout_direction&quot;:null,&quot;jet_parallax_layout_fx_direction&quot;:null,&quot;jet_parallax_layout_z_index&quot;:&quot;&quot;,&quot;jet_parallax_layout_bg_x&quot;:50,&quot;jet_parallax_layout_bg_x_tablet&quot;:&quot;&quot;,&quot;jet_parallax_layout_bg_x_mobile&quot;:&quot;&quot;,&quot;jet_parallax_layout_bg_y&quot;:50,&quot;jet_parallax_layout_bg_y_tablet&quot;:&quot;&quot;,&quot;jet_parallax_layout_bg_y_mobile&quot;:&quot;&quot;,&quot;jet_parallax_layout_bg_size&quot;:&quot;auto&quot;,&quot;jet_parallax_layout_bg_size_tablet&quot;:&quot;&quot;,&quot;jet_parallax_layout_bg_size_mobile&quot;:&quot;&quot;,&quot;jet_parallax_layout_animation_prop&quot;:&quot;transform&quot;,&quot;jet_parallax_layout_on&quot;:[&quot;desktop&quot;,&quot;tablet&quot;]}]}\">\n\t\t\t\t\t\t<div class=\"elementor-container elementor-column-gap-no\">\n\t\t\t\t\t<div class=\"elementor-column elementor-col-100 elementor-top-column elementor-element elementor-element-1646f502\" data-id=\"1646f502\" data-element_type=\"column\">\n\t\t\t<div class=\"elementor-widget-wrap elementor-element-populated\">\n\t\t\t\t\t\t\t\t<div class=\"elementor-element elementor-element-268c513e elementor-widget-tablet__width-initial elementor-widget elementor-widget-template\" data-id=\"268c513e\" data-element_type=\"widget\" data-widget_type=\"template.default\">\n\t\t\t\t<div class=\"elementor-widget-container\">\n\t\t\t\t\t<div class=\"elementor-template\">\n\t\t\t\t\t<section data-elementor-type=\"section\" data-elementor-id=\"88\" class=\"elementor elementor-88\" data-elementor-post-type=\"elementor_library\">\n\t\t\t\t\t\t\t\t<section class=\"elementor-section elementor-top-section elementor-element elementor-element-028bcf6 elementor-section-boxed elementor-section-height-default elementor-section-height-default\" data-id=\"028bcf6\" data-element_type=\"section\" data-settings=\"{&quot;jet_parallax_layout_list&quot;:[],&quot;background_background&quot;:&quot;classic&quot;}\">\n\t\t\t\t\t\t<div class=\"elementor-container elementor-column-gap-default\">\n\t\t\t\t\t<div class=\"elementor-column elementor-col-100 elementor-top-column elementor-element elementor-element-cec314a\" data-id=\"cec314a\" data-element_type=\"column\">\n\t\t\t<div class=\"elementor-widget-wrap elementor-element-populated\">\n\t\t\t\t\t\t\t\t<div class=\"elementor-element elementor-element-aebe1e5 elementor-widget elementor-widget-heading\" data-id=\"aebe1e5\" data-element_type=\"widget\" data-widget_type=\"heading.default\">\n\t\t\t\t<div class=\"elementor-widget-container\">\n\t\t\t<style>\/*! elementor - v3.18.0 - 20-12-2023 *\/\n.elementor-heading-title{padding:0;margin:0;line-height:1}.elementor-widget-heading .elementor-heading-title[class*=elementor-size-]>a{color:inherit;font-size:inherit;line-height:inherit}.elementor-widget-heading .elementor-heading-title.elementor-size-small{font-size:15px}.elementor-widget-heading .elementor-heading-title.elementor-size-medium{font-size:19px}.elementor-widget-heading .elementor-heading-title.elementor-size-large{font-size:29px}.elementor-widget-heading .elementor-heading-title.elementor-size-xl{font-size:39px}.elementor-widget-heading .elementor-heading-title.elementor-size-xxl{font-size:59px}<\/style><h1 class=\"elementor-heading-title elementor-size-default\">Cadastro das IEs<\/h1>\t\t<\/div>\n\t\t\t\t<\/div>\n\t\t\t\t<div class=\"elementor-element elementor-element-980f35a elementor-widget elementor-widget-shortcode\" data-id=\"980f35a\" data-element_type=\"widget\" data-widget_type=\"shortcode.default\">\n\t\t\t\t<div class=\"elementor-widget-container\">\n\t\t\t\t\t<div class=\"elementor-shortcode\">[rank_math_breadcrumb]<\/div>\n\t\t\t\t<\/div>\n\t\t\t\t<\/div>\n\t\t\t\t\t<\/div>\n\t\t<\/div>\n\t\t\t\t\t\t\t<\/div>\n\t\t<\/section>\n\t\t\t\t\t\t<\/section>\n\t\t\t\t<\/div>\n\t\t\t\t<\/div>\n\t\t\t\t<\/div>\n\t\t\t\t\t<\/div>\n\t\t<\/div>\n\t\t\t\t\t\t\t<\/div>\n\t\t<\/section>\n\t\t\t\t<section class=\"elementor-section elementor-top-section elementor-element elementor-element-433d730 elementor-section-boxed elementor-section-height-default elementor-section-height-default\" data-id=\"433d730\" data-element_type=\"section\" data-settings=\"{&quot;background_background&quot;:&quot;classic&quot;,&quot;jet_parallax_layout_list&quot;:[]}\">\n\t\t\t\t\t\t<div class=\"elementor-container elementor-column-gap-default\">\n\t\t\t\t\t<div class=\"elementor-column elementor-col-100 elementor-top-column elementor-element elementor-element-a0d5a39\" data-id=\"a0d5a39\" data-element_type=\"column\">\n\t\t\t<div class=\"elementor-widget-wrap elementor-element-populated\">\n\t\t\t\t\t\t\t\t<section class=\"elementor-section elementor-inner-section elementor-element elementor-element-ae664e9 animated-slow elementor-section-boxed elementor-section-height-default elementor-section-height-default elementor-invisible\" data-id=\"ae664e9\" data-element_type=\"section\" data-settings=\"{&quot;background_background&quot;:&quot;classic&quot;,&quot;animation&quot;:&quot;fadeInUp&quot;,&quot;animation_delay&quot;:100,&quot;jet_parallax_layout_list&quot;:[]}\">\n\t\t\t\t\t\t<div class=\"elementor-container elementor-column-gap-no\">\n\t\t\t\t\t<div class=\"elementor-column elementor-col-50 elementor-inner-column elementor-element elementor-element-eca575c\" data-id=\"eca575c\" data-element_type=\"column\" data-settings=\"{&quot;background_background&quot;:&quot;classic&quot;}\">\n\t\t\t<div class=\"elementor-widget-wrap elementor-element-populated\">\n\t\t\t\t\t\t\t\t<div class=\"elementor-element elementor-element-013ee99 elementor-widget elementor-widget-heading\" data-id=\"013ee99\" data-element_type=\"widget\" data-widget_type=\"heading.default\">\n\t\t\t\t<div class=\"elementor-widget-container\">\n\t\t\t<h2 class=\"elementor-heading-title elementor-size-default\">Cadastro das Institui\u00e7\u00f5es de Ensino T\u00e9cnico<\/h2>\t\t<\/div>\n\t\t\t\t<\/div>\n\t\t\t\t<div class=\"elementor-element elementor-element-baaa9aa elementor-widget elementor-widget-text-editor\" data-id=\"baaa9aa\" data-element_type=\"widget\" data-widget_type=\"text-editor.default\">\n\t\t\t\t<div class=\"elementor-widget-container\">\n\t\t\t<style>\/*! elementor - v3.18.0 - 20-12-2023 *\/\n.elementor-widget-text-editor.elementor-drop-cap-view-stacked .elementor-drop-cap{background-color:#69727d;color:#fff}.elementor-widget-text-editor.elementor-drop-cap-view-framed .elementor-drop-cap{color:#69727d;border:3px solid;background-color:transparent}.elementor-widget-text-editor:not(.elementor-drop-cap-view-default) .elementor-drop-cap{margin-top:8px}.elementor-widget-text-editor:not(.elementor-drop-cap-view-default) .elementor-drop-cap-letter{width:1em;height:1em}.elementor-widget-text-editor .elementor-drop-cap{float:left;text-align:center;line-height:1;font-size:50px}.elementor-widget-text-editor .elementor-drop-cap-letter{display:inline-block}<\/style>\t\t\t\t<p class=\"font_8 wixui-rich-text__text\"><span class=\"wixui-rich-text__text\">O cadastro \u00e9 realizado pelo e-mail\u00a0<a class=\"wixui-rich-text__text\" href=\"mailto:escola@crtrs.org.br\" data-auto-recognition=\"true\">escola@crtrs.org.br<\/a><\/span><br class=\"wixui-rich-text__text\" \/><br class=\"wixui-rich-text__text\" \/><span class=\"wixui-rich-text__text\">\u00c0 vista disso, as institui\u00e7\u00f5es de ensino que ainda n\u00e3o foram contatadas pelo Conselho Profissional, dever\u00e3o enviar para an\u00e1lise do setor respons\u00e1vel a documenta\u00e7\u00e3o citada na Resolu\u00e7\u00e3o CFT n\u00ba 066\/2019 (<span class=\"color_44 wixui-rich-text__text\"><a class=\"wixui-rich-text__text\" href=\"https:\/\/valentecriacoes.com.br\/crt-rs\/wp-content\/uploads\/2025\/05\/RESOLUCAO-Ne-085-DE-28-DE-OUTUBRO-DE-201g.pdf\" target=\"_blank\" rel=\"noopener\">clique aqui<\/a><\/span>).<\/span><\/p>\n<p class=\"font_8 wixui-rich-text__text\"><br class=\"wixui-rich-text__text\" \/><span class=\"wixui-rich-text__text\">Apoio ao rec\u00e9m-formado<br class=\"wixui-rich-text__text\" \/><br class=\"wixui-rich-text__text\" \/>O cadastro das institui\u00e7\u00f5es e seus cursos t\u00e9cnicos no CRT-RS \u00e9 essencial para a valida\u00e7\u00e3o da documenta\u00e7\u00e3o apresentada no momento da solicita\u00e7\u00e3o do registro pelo rec\u00e9m-formado.<\/span><\/p>\n<p class=\"font_8 wixui-rich-text__text\"><br class=\"wixui-rich-text__text\" \/><span class=\"wixui-rich-text__text\">Conformidade com o Minist\u00e9rio da Educa\u00e7\u00e3o<br class=\"wixui-rich-text__text\" \/><br class=\"wixui-rich-text__text\" \/>Cumprimento, por parte da institui\u00e7\u00e3o de ensino, das exig\u00eancias do Minist\u00e9rio da Educa\u00e7\u00e3o quanto \u00e0 carga hor\u00e1ria, grade curricular e outras informa\u00e7\u00f5es relevantes sobre os cursos disponibilizados.<\/span><\/p>\n<p class=\"font_8 wixui-rich-text__text\"><br class=\"wixui-rich-text__text\" \/><span class=\"wixui-rich-text__text\">Fale com o time de institui\u00e7\u00f5es de ensino agora mesmo!<br class=\"wixui-rich-text__text\" \/><br class=\"wixui-rich-text__text\" \/>Contato telef\u00f4nico:\u00a0(51) 3014-9300, por meio da op\u00e7\u00e3o 2 ou\u00a00800 191 2319, tamb\u00e9m por meio da op\u00e7\u00e3o 2.<br class=\"wixui-rich-text__text\" \/>Contato via e-mail:\u00a0<a class=\"wixui-rich-text__text\" href=\"mailto:escola@crtrs.org.br\" data-auto-recognition=\"true\">escola@crtrs.org.br<\/a><\/span><\/p>\n\t\t\t\t\t\t<\/div>\n\t\t\t\t<\/div>\n\t\t\t\t\t<\/div>\n\t\t<\/div>\n\t\t\t\t<div class=\"elementor-column elementor-col-50 elementor-inner-column elementor-element elementor-element-f1eb450\" data-id=\"f1eb450\" data-element_type=\"column\" data-settings=\"{&quot;background_background&quot;:&quot;classic&quot;}\">\n\t\t\t<div class=\"elementor-widget-wrap elementor-element-populated\">\n\t\t\t\t\t\t\t\t<div class=\"elementor-element elementor-element-ca83874 elementor-widget__width-initial elementor-widget-tablet__width-initial elementor-widget elementor-widget-spacer\" data-id=\"ca83874\" data-element_type=\"widget\" data-widget_type=\"spacer.default\">\n\t\t\t\t<div class=\"elementor-widget-container\">\n\t\t\t<style>\/*! elementor - v3.18.0 - 20-12-2023 *\/\n.elementor-column .elementor-spacer-inner{height:var(--spacer-size)}.e-con{--container-widget-width:100%}.e-con-inner>.elementor-widget-spacer,.e-con>.elementor-widget-spacer{width:var(--container-widget-width,var(--spacer-size));--align-self:var(--container-widget-align-self,initial);--flex-shrink:0}.e-con-inner>.elementor-widget-spacer>.elementor-widget-container,.e-con>.elementor-widget-spacer>.elementor-widget-container{height:100%;width:100%}.e-con-inner>.elementor-widget-spacer>.elementor-widget-container>.elementor-spacer,.e-con>.elementor-widget-spacer>.elementor-widget-container>.elementor-spacer{height:100%}.e-con-inner>.elementor-widget-spacer>.elementor-widget-container>.elementor-spacer>.elementor-spacer-inner,.e-con>.elementor-widget-spacer>.elementor-widget-container>.elementor-spacer>.elementor-spacer-inner{height:var(--container-widget-height,var(--spacer-size))}.e-con-inner>.elementor-widget-spacer.elementor-widget-empty,.e-con>.elementor-widget-spacer.elementor-widget-empty{position:relative;min-height:22px;min-width:22px}.e-con-inner>.elementor-widget-spacer.elementor-widget-empty .elementor-widget-empty-icon,.e-con>.elementor-widget-spacer.elementor-widget-empty .elementor-widget-empty-icon{position:absolute;top:0;bottom:0;left:0;right:0;margin:auto;padding:0;width:22px;height:22px}<\/style>\t\t<div class=\"elementor-spacer\">\n\t\t\t<div class=\"elementor-spacer-inner\"><\/div>\n\t\t<\/div>\n\t\t\t\t<\/div>\n\t\t\t\t<\/div>\n\t\t\t\t\t<\/div>\n\t\t<\/div>\n\t\t\t\t\t\t\t<\/div>\n\t\t<\/section>\n\t\t\t\t\t<\/div>\n\t\t<\/div>\n\t\t\t\t\t\t\t<\/div>\n\t\t<\/section>\n\t\t\t\t\t\t\t<\/div>\n\t\t","protected":false},"excerpt":{"rendered":"<p>Cadastro das Institui\u00e7\u00f5es de Ensino T\u00e9cnico<\/p>\n","protected":false},"author":1,"featured_media":0,"parent":0,"menu_order":0,"comment_status":"closed","ping_status":"closed","template":"","meta":{"footnotes":""},"class_list":["post-1360","page","type-page","status-publish","hentry"],"_links":{"self":[{"href":"https:\/\/valentecriacoes.com.br\/crt-rs\/wp-json\/wp\/v2\/pages\/1360","targetHints":{"allow":["GET"]}}],"collection":[{"href":"https:\/\/valentecriacoes.com.br\/crt-rs\/wp-json\/wp\/v2\/pages"}],"about":[{"href":"https:\/\/valentecriacoes.com.br\/crt-rs\/wp-json\/wp\/v2\/types\/page"}],"author":[{"embeddable":true,"href":"https:\/\/valentecriacoes.com.br\/crt-rs\/wp-json\/wp\/v2\/users\/1"}],"replies":[{"embeddable":true,"href":"https:\/\/valentecriacoes.com.br\/crt-rs\/wp-json\/wp\/v2\/comments?post=1360"}],"version-history":[{"count":16,"href":"https:\/\/valentecriacoes.com.br\/crt-rs\/wp-json\/wp\/v2\/pages\/1360\/revisions"}],"predecessor-version":[{"id":1928,"href":"https:\/\/valentecriacoes.com.br\/crt-rs\/wp-json\/wp\/v2\/pages\/1360\/revisions\/1928"}],"wp:attachment":[{"href":"https:\/\/valentecriacoes.com.br\/crt-rs\/wp-json\/wp\/v2\/media?parent=1360"}],"curies":[{"name":"wp","href":"https:\/\/api.w.org\/{rel}","templated":true}]}}